{"id":94,"date":"2020-01-06T22:26:30","date_gmt":"2020-01-06T21:26:30","guid":{"rendered":"https:\/\/kaos.noblogs.org\/?page_id=94"},"modified":"2020-01-06T22:33:26","modified_gmt":"2020-01-06T21:33:26","slug":"flyer-broschueren","status":"publish","type":"page","link":"https:\/\/kaos.noblogs.org\/fr\/flyer-broschueren\/","title":{"rendered":"D\u00e9pliants | Brochures"},"content":{"rendered":"<p>Ici, tu trouves quelques d\u00e9pliants et brochures qui ont ou leur origine de cr\u00e9ation dans nos r\u00e9unions ou sont appr\u00e9ci\u00e9\u00b7e\u00b7s par des personnes de nos r\u00e9unions. Tu trouves certain\u00b7e\u00b7s de nos d\u00e9pliants\/brochures imprim\u00e9\u00b7e\u00b7s chez nos r\u00e9unions ou, si cela ne t&rsquo;est pas possible, nous pouvons \u00e9galement te les envoyer en grand nombre. Si cela t&rsquo;int\u00e9r\u00e8sse, envoie-nous un mail.<\/p>\n<h3>Fanzine Anarchaf\u00e9ministe \u00ab Nebenwiderspr\u00fcche \u00bb.<\/h3>\n<p><strong><a href=\"https:\/\/nebenwidersprueche.noblogs.org\/files\/2019\/03\/nebenwidersprueche-vol02-web.pdf\"><img loading=\"lazy\" decoding=\"async\" class=\"alignleft wp-image-97 size-medium\" src=\"https:\/\/kaos.noblogs.org\/files\/2020\/01\/cover-nw-2-fr-210x300.png\" alt=\"\" width=\"210\" height=\"300\" srcset=\"https:\/\/kaos.noblogs.org\/files\/2020\/01\/cover-nw-2-fr-210x300.png 210w, https:\/\/kaos.noblogs.org\/files\/2020\/01\/cover-nw-2-fr.png 367w\" sizes=\"auto, (max-width: 210px) 100vw, 210px\" \/><\/a>Volume 02 [Extraits]<\/strong><br \/>\nMars 2019<\/p>\n<p>28 pages<br \/>\nDIN A5<\/p>\n<p><a href=\"https:\/\/nebenwidersprueche.noblogs.org\">nebenwidersprueche.noblogs.org<\/a><\/p>\n<p><a href=\"https:\/\/nebenwidersprueche.noblogs.org\/files\/2019\/09\/nw-version-courte-fr.pdf\">T\u00e9l\u00e9charger<\/a><\/p>\n<p>La brochure enti\u00e8re (104 pages) est disponible en <a href=\"https:\/\/kaos.noblogs.org\/flyer-broschueren\/\">allemand<\/a>.<\/p>\n","protected":false},"excerpt":{"rendered":"<p>Ici, tu trouves quelques d\u00e9pliants et brochures qui ont ou leur origine de cr\u00e9ation dans nos r\u00e9unions ou sont appr\u00e9ci\u00e9\u00b7e\u00b7s par des personnes de nos r\u00e9unions. Tu trouves certain\u00b7e\u00b7s de nos d\u00e9pliants\/brochures imprim\u00e9\u00b7e\u00b7s chez nos r\u00e9unions ou, si cela ne t&rsquo;est pas possible, nous pouvons \u00e9galement te les envoyer en grand nombre. Si cela t&rsquo;int\u00e9r\u00e8sse, &hellip; <\/p>\n<p class=\"link-more\"><a href=\"https:\/\/kaos.noblogs.org\/fr\/flyer-broschueren\/\" class=\"more-link\">Continuer la lecture<span class=\"screen-reader-text\"> de &laquo;&nbsp;D\u00e9pliants | Brochures&nbsp;&raquo;<\/span><\/a><\/p>\n","protected":false},"author":14619,"featured_media":0,"parent":0,"menu_order":0,"comment_status":"closed","ping_status":"closed","template":"","meta":{"_locale":"fr_FR","_original_post":"12","footnotes":""},"class_list":["post-94","page","type-page","status-publish","hentry","fr-FR"],"_links":{"self":[{"href":"https:\/\/kaos.noblogs.org\/wp-json\/wp\/v2\/pages\/94","targetHints":{"allow":["GET"]}}],"collection":[{"href":"https:\/\/kaos.noblogs.org\/wp-json\/wp\/v2\/pages"}],"about":[{"href":"https:\/\/kaos.noblogs.org\/wp-json\/wp\/v2\/types\/page"}],"author":[{"embeddable":true,"href":"https:\/\/kaos.noblogs.org\/wp-json\/wp\/v2\/users\/14619"}],"replies":[{"embeddable":true,"href":"https:\/\/kaos.noblogs.org\/wp-json\/wp\/v2\/comments?post=94"}],"version-history":[{"count":12,"href":"https:\/\/kaos.noblogs.org\/wp-json\/wp\/v2\/pages\/94\/revisions"}],"predecessor-version":[{"id":113,"href":"https:\/\/kaos.noblogs.org\/wp-json\/wp\/v2\/pages\/94\/revisions\/113"}],"wp:attachment":[{"href":"https:\/\/kaos.noblogs.org\/wp-json\/wp\/v2\/media?parent=94"}],"curies":[{"name":"wp","href":"https:\/\/api.w.org\/{rel}","templated":true}]}}